{"id":2,"date":"2011-01-23T10:58:43","date_gmt":"2011-01-23T10:58:43","guid":{"rendered":"http:\/\/www.lesferfadettes.fr\/?page_id=2"},"modified":"2023-11-05T12:56:37","modified_gmt":"2023-11-05T12:56:37","slug":"a-propos","status":"publish","type":"page","link":"https:\/\/www.lesferfadettes.fr\/?page_id=2","title":{"rendered":"Qui suis-je ?"},"content":{"rendered":"<p>Je m&rsquo;appelle Nicole Benichou.<\/p>\n<p>Apr\u00e8s 38 ans de carri\u00e8re au service d\u00e9coration des Galeries Lafayette Haussmann, je peux dire que l\u2019Etalage n\u2019a plus de secret pour moi&#8230;!<\/p>\n<p>Histoire de varier un peu les plaisirs, j\u2019ai,  parall\u00e8lement un dipl\u00f4me d\u2019accessoiriste  r\u00e9alisateur de  th\u00e9\u00e2tre.<br \/>\nLa retraite ? Je ne connais pas, si ce n\u2019est que je peux me consacrer d\u00e9finitivement \u00e0 mes passions, et \u00e7a, \u00e7a n\u2019a pas de prix\u2026!<\/p>\n<p>Vous allez peut-\u00eatre penser que je m\u2019\u00e9parpille un peu ?<\/p>\n<p>Que voulez-vous, j\u2019ai plein d\u2019id\u00e9es , m\u00eame si \u00e7a agace un tant soit peu Yvon, mon mari et collaborateur, qui aimerait bien un peu plus de tranquillit\u00e9.<\/p>\n<p>Que je vous dise tout :<br \/>\nMa partie \u00e0 moi, c\u2019est la cr\u00e9ation, la r\u00e9alisation se fait avec Yvon qui a des mains en or !<br \/>\nA lui le montage des lampes et des pendules\u2026 Et pendant  ce temps-l\u00e0, \u00e0 moi le nettoyage des pi\u00e8ces\u2026!<\/p>\n<p><strong>Ce que j&rsquo;aime :<\/strong><\/p>\n<p>&#8211; L\u2019op\u00e9ra et la musique classique<\/p>\n<p>&#8211; Je fais partie de la troupe de th\u00e9\u00e2tre de Villemoisson ; \u00ab <a href=\"http:\/\/tretolyvette.free.fr\" target=\"_blank\" rel=\"noopener\"><strong>les Tr\u00e9teaux D\u2019Olyvette<\/strong><\/a> \u00bb en tant  que com\u00e9dienne  et accessoiriste.<\/p>\n<p>&#8211; Je suis aussi adh\u00e9rente de l\u2019association \u00ab <a href=\"http:\/\/lelacenfete.blog4ever.com\/\" target=\"_blank\" rel=\"noopener\"><strong>Le Lac En F\u00eate<\/strong><\/a> \u00bb de Courcouronnes .<br \/>\nCette association cr\u00e9e des spectacles qui se jouent en d\u00e9cors naturels dans le tr\u00e8s joli cadre de la Ferme du Bois Briard.<br \/>\nJe m\u2019y investis  beaucoup dans la conception et la fabrication d\u2019accessoires et de d\u00e9cors, et j\u2019y suis aussi com\u00e9dienne..<\/p>\n<p>Si \u00e7a vous dit, n\u2019h\u00e9sitez pas \u00e0 nous rejoindre, c\u2019est accessible \u00e0 tout le monde, et c\u2019est jubilatoire\u2026..<\/p>\n<p><strong>Mon coup de coeur<\/strong><\/p>\n<p>Je suis une fan absolue de la com\u00e9die musicale \u00ab Les Mis\u00e9rables \u00bb.<br \/>\nVous savez qu\u2019ils la joue depuis 25 ans \u00e0 Londres ?   j\u2019y suis d\u00e9j\u00e0 all\u00e9e deux fois \u2026. !<br \/>\nVoici la bande annonce du concert des 25 ans\u2026 Une pure merveille !<\/p>\n<p><iframe loading=\"lazy\" width=\"560\" height=\"349\" src=\"http:\/\/www.youtube.com\/embed\/u2aOdvMSybE\" frameborder=\"0\" allowfullscreen=\"\"><\/iframe><\/p>\n","protected":false},"excerpt":{"rendered":"<p>Je m&rsquo;appelle Nicole Benichou. Apr\u00e8s 38 ans de carri\u00e8re au service d\u00e9coration des Galeries Lafayette Haussmann, je peux dire que l\u2019Etalage n\u2019a plus de secret pour moi&#8230;! Histoire de varier un peu les plaisirs, j\u2019ai, parall\u00e8lement un dipl\u00f4me d\u2019accessoiriste r\u00e9alisateur de th\u00e9\u00e2tre. La retraite ? Je ne connais pas, si ce n\u2019est que je peux [&hellip;]<\/p>\n","protected":false},"author":1,"featured_media":0,"parent":0,"menu_order":0,"comment_status":"closed","ping_status":"open","template":"","meta":{"ngg_post_thumbnail":0,"footnotes":""},"class_list":["post-2","page","type-page","status-publish","hentry"],"_links":{"self":[{"href":"https:\/\/www.lesferfadettes.fr\/index.php?rest_route=\/wp\/v2\/pages\/2","targetHints":{"allow":["GET"]}}],"collection":[{"href":"https:\/\/www.lesferfadettes.fr\/index.php?rest_route=\/wp\/v2\/pages"}],"about":[{"href":"https:\/\/www.lesferfadettes.fr\/index.php?rest_route=\/wp\/v2\/types\/page"}],"author":[{"embeddable":true,"href":"https:\/\/www.lesferfadettes.fr\/index.php?rest_route=\/wp\/v2\/users\/1"}],"replies":[{"embeddable":true,"href":"https:\/\/www.lesferfadettes.fr\/index.php?rest_route=%2Fwp%2Fv2%2Fcomments&post=2"}],"version-history":[{"count":23,"href":"https:\/\/www.lesferfadettes.fr\/index.php?rest_route=\/wp\/v2\/pages\/2\/revisions"}],"predecessor-version":[{"id":2248,"href":"https:\/\/www.lesferfadettes.fr\/index.php?rest_route=\/wp\/v2\/pages\/2\/revisions\/2248"}],"wp:attachment":[{"href":"https:\/\/www.lesferfadettes.fr\/index.php?rest_route=%2Fwp%2Fv2%2Fmedia&parent=2"}],"curies":[{"name":"wp","href":"https:\/\/api.w.org\/{rel}","templated":true}]}}