{"id":397,"date":"2011-04-14T20:05:02","date_gmt":"2011-04-14T20:05:02","guid":{"rendered":"http:\/\/www.lesferfadettes.fr\/?page_id=397"},"modified":"2024-09-28T13:05:38","modified_gmt":"2024-09-28T13:05:38","slug":"397-2","status":"publish","type":"page","link":"https:\/\/www.lesferfadettes.fr\/?page_id=397","title":{"rendered":"Expos"},"content":{"rendered":"\n<p class=\"has-text-align-left\"><\/p>\n\n\n\n<p><strong>March\u00e9 de la Cr\u00e9ation<\/strong><br>Les dimanches &#8211; de 10h \u00e0 19h<br><strong>Boulevard Edgar Quinet \u00e0 Paris<\/strong> (M\u00e9tro 6)<\/p>\n\n\n\n<figure class=\"wp-block-image size-large\"><a href=\"https:\/\/www.lesferfadettes.fr\/wp-content\/uploads\/2024\/09\/image.jpg\"><img loading=\"lazy\" decoding=\"async\" width=\"1024\" height=\"836\" src=\"https:\/\/www.lesferfadettes.fr\/wp-content\/uploads\/2024\/09\/image-1024x836.jpg\" alt=\"March\u00e9 de la cr\u00e9ation\" class=\"wp-image-2393\" style=\"aspect-ratio:16\/9;object-fit:cover\" srcset=\"https:\/\/www.lesferfadettes.fr\/wp-content\/uploads\/2024\/09\/image-1024x836.jpg 1024w, https:\/\/www.lesferfadettes.fr\/wp-content\/uploads\/2024\/09\/image-300x245.jpg 300w, https:\/\/www.lesferfadettes.fr\/wp-content\/uploads\/2024\/09\/image-768x627.jpg 768w, https:\/\/www.lesferfadettes.fr\/wp-content\/uploads\/2024\/09\/image.jpg 1469w\" sizes=\"auto, (max-width: 1024px) 100vw, 1024px\" \/><\/a><\/figure>\n\n\n<div class='wpgmza_map_wrapper'><div id=\"wpgmza_map_block_1\" class=\"wpgmza_map wpgmza_standalone_map_block wpgmza-auto-center\" style=\"display:block;width:100%;height:400px;overflow:hidden;position:relative;\" data-maps-engine=\"open-layers\" data-build-engine=\"standalone-block\" data-icon=\"https:\/\/www.lesferfadettes.fr\/wp-content\/plugins\/wp-go-maps-block\/images\/icon.png\" data-lat=\"48.8409069\" data-lng=\"2.3248855\" data-zoom=\"16\" data-address=\"11, Boulevard Edgar Quinet, Quartier du Montparnasse, 14th Arrondissement, Paris, Ile-de-France, Metropolitan France, 75014, France\" data-infowindow-mode=\"click\" ><\/div><\/div>\n\n\n<p class=\"has-text-align-center\"><br>Voir sur <a href=\"https:\/\/maps.app.goo.gl\/45UwLFUktdw4hziZ7\" data-type=\"link\" data-id=\"https:\/\/maps.app.goo.gl\/45UwLFUktdw4hziZ7\" target=\"_blank\" rel=\"noreferrer noopener\">Google Maps<\/a><\/p>\n\n\n\n<p><\/p>\n","protected":false},"excerpt":{"rendered":"<p>March\u00e9 de la Cr\u00e9ationLes dimanches &#8211; de 10h \u00e0 19hBoulevard Edgar Quinet \u00e0 Paris (M\u00e9tro 6) Voir sur Google Maps<\/p>\n","protected":false},"author":1,"featured_media":0,"parent":0,"menu_order":0,"comment_status":"open","ping_status":"open","template":"","meta":{"ngg_post_thumbnail":0,"footnotes":""},"class_list":["post-397","page","type-page","status-publish","hentry"],"_links":{"self":[{"href":"https:\/\/www.lesferfadettes.fr\/index.php?rest_route=\/wp\/v2\/pages\/397","targetHints":{"allow":["GET"]}}],"collection":[{"href":"https:\/\/www.lesferfadettes.fr\/index.php?rest_route=\/wp\/v2\/pages"}],"about":[{"href":"https:\/\/www.lesferfadettes.fr\/index.php?rest_route=\/wp\/v2\/types\/page"}],"author":[{"embeddable":true,"href":"https:\/\/www.lesferfadettes.fr\/index.php?rest_route=\/wp\/v2\/users\/1"}],"replies":[{"embeddable":true,"href":"https:\/\/www.lesferfadettes.fr\/index.php?rest_route=%2Fwp%2Fv2%2Fcomments&post=397"}],"version-history":[{"count":69,"href":"https:\/\/www.lesferfadettes.fr\/index.php?rest_route=\/wp\/v2\/pages\/397\/revisions"}],"predecessor-version":[{"id":2395,"href":"https:\/\/www.lesferfadettes.fr\/index.php?rest_route=\/wp\/v2\/pages\/397\/revisions\/2395"}],"wp:attachment":[{"href":"https:\/\/www.lesferfadettes.fr\/index.php?rest_route=%2Fwp%2Fv2%2Fmedia&parent=397"}],"curies":[{"name":"wp","href":"https:\/\/api.w.org\/{rel}","templated":true}]}}